{"id":12591,"date":"2019-02-08T18:18:53","date_gmt":"2019-02-08T17:18:53","guid":{"rendered":"https:\/\/euroviajar.com\/?page_id=12591"},"modified":"2019-02-08T19:02:20","modified_gmt":"2019-02-08T18:02:20","slug":"work-with-us","status":"publish","type":"page","link":"https:\/\/euroviajar.com\/en\/work-with-us\/","title":{"rendered":"Work With Us"},"content":{"rendered":"<p>We work to make travel easier, cheaper and better for the travellers&#8217; community &#8211; and so we need the right people in the team.<\/p>\n<p>Euroviajar.com is constantly evolving and has an international focus, so we are looking for people with solid skills, ambition and a positive attitude to join our multidisciplinary team.<\/p>\n<h3>Our current offers:<\/h3>\n<p><a href=\"https:\/\/euroviajar.com\/en\/work-with-us\/business-model-developer-intern\/\">Business Model Developer &#8211; Internship \u2192<\/a><\/p>\n<p><a href=\"https:\/\/euroviajar.com\/en\/work-with-us\/front-end-developer-internship\/\">Front-End Developer\u00a0&#8211; Internship \u2192<\/a><\/p>\n<p><a href=\"https:\/\/euroviajar.com\/en\/work-with-us\/ux-ui-designer-intern\/\">UX\/UI Designer &#8211; Internship \u2192<\/a><\/p>\n<h3>Don&#8217;t be shy!<\/h3>\n<p>If you think that none of the offers above fits your profile, send us your CV by filling in the following form:<\/p>\n\n<div class=\"wpcf7 no-js\" id=\"wpcf7-f10146-o1\" lang=\"es-ES\" dir=\"ltr\" data-wpcf7-id=\"10146\">\n<div class=\"screen-reader-response\"><p role=\"status\" aria-live=\"polite\" aria-atomic=\"true\"><\/p> <ul><\/ul><\/div>\n<form action=\"\/en\/wp-json\/wp\/v2\/pages\/12591#wpcf7-f10146-o1\" method=\"post\" class=\"wpcf7-form init\" aria-label=\"Formulario de contacto\" enctype=\"multipart\/form-data\" novalidate=\"novalidate\" data-status=\"init\">\n<fieldset class=\"hidden-fields-container\"><input type=\"hidden\" name=\"_wpcf7\" value=\"10146\" \/><input type=\"hidden\" name=\"_wpcf7_version\" value=\"6.1.5\" \/><input type=\"hidden\" name=\"_wpcf7_locale\" value=\"es_ES\" \/><input type=\"hidden\" name=\"_wpcf7_unit_tag\" value=\"wpcf7-f10146-o1\" \/><input type=\"hidden\" name=\"_wpcf7_container_post\" value=\"0\" \/><input type=\"hidden\" name=\"_wpcf7_posted_data_hash\" value=\"\" \/>\n<\/fieldset>\n<p><label>Nombre y apellidos (requerido)<br \/>\n<span class=\"wpcf7-form-control-wrap\" data-name=\"nombre\"><input size=\"40\" maxlength=\"400\" class=\"wpcf7-form-control wpcf7-text wpcf7-validates-as-required\" aria-required=\"true\" aria-invalid=\"false\" value=\"\" type=\"text\" name=\"nombre\" \/><\/span> <\/label>\n<\/p>\n<p><label>Correo electr\u00f3nico (requerido)<br \/>\n<span class=\"wpcf7-form-control-wrap\" data-name=\"email\"><input size=\"40\" maxlength=\"400\" class=\"wpcf7-form-control wpcf7-email wpcf7-validates-as-required wpcf7-text wpcf7-validates-as-email\" aria-required=\"true\" aria-invalid=\"false\" value=\"\" type=\"email\" name=\"email\" \/><\/span> <\/label>\n<\/p>\n<p><label>Selecciona oferta<br \/>\n<span class=\"wpcf7-form-control-wrap\" data-name=\"selecciona-oferta\"><select class=\"wpcf7-form-control wpcf7-select wpcf7-validates-as-required\" aria-required=\"true\" aria-invalid=\"false\" name=\"selecciona-oferta\"><option value=\"\">&#8212;Por favor, elige una opci\u00f3n&#8212;<\/option><option value=\"Desarrollador Front-end en Pr\u00e1cticas\">Desarrollador Front-end en Pr\u00e1cticas<\/option><option value=\"Desarrollador de Modelos de Negocio en Pr\u00e1cticas\">Desarrollador de Modelos de Negocio en Pr\u00e1cticas<\/option><option value=\"Dise\u00f1ador UX\/UI en Pr\u00e1cticas\">Dise\u00f1ador UX\/UI en Pr\u00e1cticas<\/option><\/select><\/span> <\/label>\n<\/p>\n<p><label>Notas<br \/>\n<span class=\"wpcf7-form-control-wrap\" data-name=\"notas\"><textarea cols=\"40\" rows=\"10\" maxlength=\"2000\" class=\"wpcf7-form-control wpcf7-textarea\" aria-invalid=\"false\" name=\"notas\"><\/textarea><\/span> <\/label>\n<\/p>\n<p><span class=\"wpcf7-form-control-wrap\" data-name=\"archivo-cv\"><input size=\"40\" class=\"wpcf7-form-control wpcf7-file wpcf7-validates-as-required\" accept=\".pdf\" aria-required=\"true\" aria-invalid=\"false\" type=\"file\" name=\"archivo-cv\" \/><\/span>\n<\/p>\n<p><span class=\"wpcf7-form-control-wrap\" data-name=\"aceptacion-privacidad\"><span class=\"wpcf7-form-control wpcf7-acceptance\"><span class=\"wpcf7-list-item\"><label><input type=\"checkbox\" name=\"aceptacion-privacidad\" value=\"1\" aria-invalid=\"false\" \/><span class=\"wpcf7-list-item-label\">Acepto la <a href=\"https:\/\/euroviajar.com\/politica-de-privacidad\/\">pol\u00edtica de privacidad. Sus datos ser\u00e1n procesados y guardados con el prop\u00f3sito de resolver su consulta.<\/span><\/label><\/span><\/span><\/span>\n<\/p>\n<p>[anr_nocaptcha g-recaptcha-response]\n<\/p>\n<p><input class=\"wpcf7-form-control wpcf7-submit has-spinner\" type=\"submit\" value=\"Enviar\" \/>\n<\/p><p style=\"display: none !important;\" class=\"akismet-fields-container\" data-prefix=\"_wpcf7_ak_\"><label>&#916;<textarea name=\"_wpcf7_ak_hp_textarea\" cols=\"45\" rows=\"8\" maxlength=\"100\"><\/textarea><\/label><input type=\"hidden\" id=\"ak_js_1\" name=\"_wpcf7_ak_js\" value=\"218\"\/><script>document.getElementById( \"ak_js_1\" ).setAttribute( \"value\", ( new Date() ).getTime() );<\/script><\/p><div class=\"wpcf7-response-output\" aria-hidden=\"true\"><\/div>\n<\/form>\n<\/div>\n\n","protected":false},"excerpt":{"rendered":"<p>We work to make travel easier, cheaper and better for the travellers&#8217; community &#8211; and so we need the right&#8230;<\/p>\n","protected":false},"author":5671,"featured_media":0,"parent":0,"menu_order":0,"comment_status":"closed","ping_status":"closed","template":"","meta":{"_acf_changed":false,"inline_featured_image":false,"footnotes":""},"class_list":["post-12591","page","type-page","status-publish","hentry"],"acf":[],"yoast_head":"<!-- This site is optimized with the Yoast SEO plugin v27.3 - https:\/\/yoast.com\/product\/yoast-seo-wordpress\/ -->\n<title>Work With Us<\/title>\n<meta name=\"description\" content=\"Euroviajar.com has an international focus, so we are looking for people with solid skills and a positive attitude to join our multidisciplinary team.\" \/>\n<meta name=\"robots\" content=\"index, follow, max-snippet:-1, max-image-preview:large, max-video-preview:-1\" \/>\n<link rel=\"canonical\" href=\"https:\/\/euroviajar.com\/en\/work-with-us\/\" \/>\n<meta property=\"og:locale\" content=\"en_US\" \/>\n<meta property=\"og:type\" content=\"article\" \/>\n<meta property=\"og:title\" content=\"Work With Us\" \/>\n<meta property=\"og:description\" content=\"Euroviajar.com has an international focus, so we are looking for people with solid skills and a positive attitude to join our multidisciplinary team.\" \/>\n<meta property=\"og:url\" content=\"https:\/\/euroviajar.com\/en\/work-with-us\/\" \/>\n<meta property=\"og:site_name\" content=\"Euroviajar.com\" \/>\n<meta property=\"article:publisher\" content=\"http:\/\/www.facebook.com\/euroviajar\" \/>\n<meta property=\"article:modified_time\" content=\"2019-02-08T18:02:20+00:00\" \/>\n<meta name=\"twitter:card\" content=\"summary_large_image\" \/>\n<meta name=\"twitter:site\" content=\"@euroviajar\" \/>\n<meta name=\"twitter:label1\" content=\"Est. reading time\" \/>\n\t<meta name=\"twitter:data1\" content=\"1 minute\" \/>\n<script type=\"application\/ld+json\" class=\"yoast-schema-graph\">{\"@context\":\"https:\\\/\\\/schema.org\",\"@graph\":[{\"@type\":\"WebPage\",\"@id\":\"https:\\\/\\\/euroviajar.com\\\/en\\\/work-with-us\\\/\",\"url\":\"https:\\\/\\\/euroviajar.com\\\/en\\\/work-with-us\\\/\",\"name\":\"Work With Us\",\"isPartOf\":{\"@id\":\"https:\\\/\\\/euroviajar.com\\\/en\\\/#website\"},\"datePublished\":\"2019-02-08T17:18:53+00:00\",\"dateModified\":\"2019-02-08T18:02:20+00:00\",\"description\":\"Euroviajar.com has an international focus, so we are looking for people with solid skills and a positive attitude to join our multidisciplinary team.\",\"breadcrumb\":{\"@id\":\"https:\\\/\\\/euroviajar.com\\\/en\\\/work-with-us\\\/#breadcrumb\"},\"inLanguage\":\"en-US\",\"potentialAction\":[{\"@type\":\"ReadAction\",\"target\":[\"https:\\\/\\\/euroviajar.com\\\/en\\\/work-with-us\\\/\"]}]},{\"@type\":\"BreadcrumbList\",\"@id\":\"https:\\\/\\\/euroviajar.com\\\/en\\\/work-with-us\\\/#breadcrumb\",\"itemListElement\":[{\"@type\":\"ListItem\",\"position\":1,\"name\":\"Home\",\"item\":\"https:\\\/\\\/euroviajar.com\\\/en\\\/\"},{\"@type\":\"ListItem\",\"position\":2,\"name\":\"Work With Us\"}]},{\"@type\":\"WebSite\",\"@id\":\"https:\\\/\\\/euroviajar.com\\\/en\\\/#website\",\"url\":\"https:\\\/\\\/euroviajar.com\\\/en\\\/\",\"name\":\"Euroviajar.com\",\"description\":\"Gu\u00edas de viaje, turismo, destinos y toda la informaci\u00f3n para viajar y disfrutar de todos los rincones de Europa.\",\"publisher\":{\"@id\":\"https:\\\/\\\/euroviajar.com\\\/en\\\/#organization\"},\"potentialAction\":[{\"@type\":\"SearchAction\",\"target\":{\"@type\":\"EntryPoint\",\"urlTemplate\":\"https:\\\/\\\/euroviajar.com\\\/en\\\/?s={search_term_string}\"},\"query-input\":{\"@type\":\"PropertyValueSpecification\",\"valueRequired\":true,\"valueName\":\"search_term_string\"}}],\"inLanguage\":\"en-US\"},{\"@type\":\"Organization\",\"@id\":\"https:\\\/\\\/euroviajar.com\\\/en\\\/#organization\",\"name\":\"Euroviajar.com\",\"url\":\"https:\\\/\\\/euroviajar.com\\\/en\\\/\",\"logo\":{\"@type\":\"ImageObject\",\"inLanguage\":\"en-US\",\"@id\":\"https:\\\/\\\/euroviajar.com\\\/en\\\/#\\\/schema\\\/logo\\\/image\\\/\",\"url\":\"https:\\\/\\\/euroviajar.com\\\/wp-content\\\/uploads\\\/2018\\\/12\\\/logo_ev_full.png\",\"contentUrl\":\"https:\\\/\\\/euroviajar.com\\\/wp-content\\\/uploads\\\/2018\\\/12\\\/logo_ev_full.png\",\"width\":863,\"height\":202,\"caption\":\"Euroviajar.com\"},\"image\":{\"@id\":\"https:\\\/\\\/euroviajar.com\\\/en\\\/#\\\/schema\\\/logo\\\/image\\\/\"},\"sameAs\":[\"http:\\\/\\\/www.facebook.com\\\/euroviajar\",\"https:\\\/\\\/x.com\\\/euroviajar\"]}]}<\/script>\n<!-- \/ Yoast SEO plugin. -->","yoast_head_json":{"title":"Work With Us","description":"Euroviajar.com has an international focus, so we are looking for people with solid skills and a positive attitude to join our multidisciplinary team.","robots":{"index":"index","follow":"follow","max-snippet":"max-snippet:-1","max-image-preview":"max-image-preview:large","max-video-preview":"max-video-preview:-1"},"canonical":"https:\/\/euroviajar.com\/en\/work-with-us\/","og_locale":"en_US","og_type":"article","og_title":"Work With Us","og_description":"Euroviajar.com has an international focus, so we are looking for people with solid skills and a positive attitude to join our multidisciplinary team.","og_url":"https:\/\/euroviajar.com\/en\/work-with-us\/","og_site_name":"Euroviajar.com","article_publisher":"http:\/\/www.facebook.com\/euroviajar","article_modified_time":"2019-02-08T18:02:20+00:00","twitter_card":"summary_large_image","twitter_site":"@euroviajar","twitter_misc":{"Est. reading time":"1 minute"},"schema":{"@context":"https:\/\/schema.org","@graph":[{"@type":"WebPage","@id":"https:\/\/euroviajar.com\/en\/work-with-us\/","url":"https:\/\/euroviajar.com\/en\/work-with-us\/","name":"Work With Us","isPartOf":{"@id":"https:\/\/euroviajar.com\/en\/#website"},"datePublished":"2019-02-08T17:18:53+00:00","dateModified":"2019-02-08T18:02:20+00:00","description":"Euroviajar.com has an international focus, so we are looking for people with solid skills and a positive attitude to join our multidisciplinary team.","breadcrumb":{"@id":"https:\/\/euroviajar.com\/en\/work-with-us\/#breadcrumb"},"inLanguage":"en-US","potentialAction":[{"@type":"ReadAction","target":["https:\/\/euroviajar.com\/en\/work-with-us\/"]}]},{"@type":"BreadcrumbList","@id":"https:\/\/euroviajar.com\/en\/work-with-us\/#breadcrumb","itemListElement":[{"@type":"ListItem","position":1,"name":"Home","item":"https:\/\/euroviajar.com\/en\/"},{"@type":"ListItem","position":2,"name":"Work With Us"}]},{"@type":"WebSite","@id":"https:\/\/euroviajar.com\/en\/#website","url":"https:\/\/euroviajar.com\/en\/","name":"Euroviajar.com","description":"Gu\u00edas de viaje, turismo, destinos y toda la informaci\u00f3n para viajar y disfrutar de todos los rincones de Europa.","publisher":{"@id":"https:\/\/euroviajar.com\/en\/#organization"},"potentialAction":[{"@type":"SearchAction","target":{"@type":"EntryPoint","urlTemplate":"https:\/\/euroviajar.com\/en\/?s={search_term_string}"},"query-input":{"@type":"PropertyValueSpecification","valueRequired":true,"valueName":"search_term_string"}}],"inLanguage":"en-US"},{"@type":"Organization","@id":"https:\/\/euroviajar.com\/en\/#organization","name":"Euroviajar.com","url":"https:\/\/euroviajar.com\/en\/","logo":{"@type":"ImageObject","inLanguage":"en-US","@id":"https:\/\/euroviajar.com\/en\/#\/schema\/logo\/image\/","url":"https:\/\/euroviajar.com\/wp-content\/uploads\/2018\/12\/logo_ev_full.png","contentUrl":"https:\/\/euroviajar.com\/wp-content\/uploads\/2018\/12\/logo_ev_full.png","width":863,"height":202,"caption":"Euroviajar.com"},"image":{"@id":"https:\/\/euroviajar.com\/en\/#\/schema\/logo\/image\/"},"sameAs":["http:\/\/www.facebook.com\/euroviajar","https:\/\/x.com\/euroviajar"]}]}},"jetpack_shortlink":"https:\/\/wp.me\/Paxys7-3h5","jetpack_sharing_enabled":true,"_links":{"self":[{"href":"https:\/\/euroviajar.com\/en\/wp-json\/wp\/v2\/pages\/12591","targetHints":{"allow":["GET"]}}],"collection":[{"href":"https:\/\/euroviajar.com\/en\/wp-json\/wp\/v2\/pages"}],"about":[{"href":"https:\/\/euroviajar.com\/en\/wp-json\/wp\/v2\/types\/page"}],"author":[{"embeddable":true,"href":"https:\/\/euroviajar.com\/en\/wp-json\/wp\/v2\/users\/5671"}],"replies":[{"embeddable":true,"href":"https:\/\/euroviajar.com\/en\/wp-json\/wp\/v2\/comments?post=12591"}],"version-history":[{"count":5,"href":"https:\/\/euroviajar.com\/en\/wp-json\/wp\/v2\/pages\/12591\/revisions"}],"predecessor-version":[{"id":12607,"href":"https:\/\/euroviajar.com\/en\/wp-json\/wp\/v2\/pages\/12591\/revisions\/12607"}],"wp:attachment":[{"href":"https:\/\/euroviajar.com\/en\/wp-json\/wp\/v2\/media?parent=12591"}],"curies":[{"name":"wp","href":"https:\/\/api.w.org\/{rel}","templated":true}]}}